{"id":154,"date":"2015-07-16T09:12:44","date_gmt":"2015-07-16T09:12:44","guid":{"rendered":"http:\/\/test.kriesi.at\/minimal-portfolio\/?page_id=154"},"modified":"2024-03-08T15:25:15","modified_gmt":"2024-03-08T14:25:15","slug":"ueber-uns","status":"publish","type":"page","link":"https:\/\/podatki-koeln.de\/pl\/ueber-uns\/","title":{"rendered":"O mnie"},"content":{"rendered":"<style type=\"text\/css\" data-created_by=\"avia_inline_auto\" id=\"style-css-av-b2auq-12f29d2dcae04b0f9017f494807204c5\">\n.avia-section.av-b2auq-12f29d2dcae04b0f9017f494807204c5{\nbackground-repeat:no-repeat;\nbackground-image:url(https:\/\/podatki-koeln.de\/wp-content\/uploads\/2022\/01\/laptop-hands.jpg);\nbackground-position:50% 50%;\nbackground-attachment:scroll;\nmargin-top:0px;\nmargin-bottom:0px;\n}\n.avia-section.av-b2auq-12f29d2dcae04b0f9017f494807204c5 .av-section-color-overlay{\nopacity:0.8;\nbackground-color:#ffffff;\n}\n<\/style>\n<div id='welcome_box'  class='avia-section av-b2auq-12f29d2dcae04b0f9017f494807204c5 main_color avia-section-no-padding avia-no-border-styling  avia-builder-el-0  avia-builder-el-no-sibling  avia-full-stretch avia-bg-style-scroll av-section-color-overlay-active av-minimum-height av-minimum-height-100 av-height-100  container_wrap fullsize'  data-section-bg-repeat='stretch' data-av_minimum_height_pc='100' data-av_min_height_opt='100'><div class=\"av-section-color-overlay-wrap\"><div class=\"av-section-color-overlay\"><\/div><div class='container av-section-cont-open' ><main  role=\"main\" itemprop=\"mainContentOfPage\"  class='template-page content  av-content-full alpha units'><div class='post-entry post-entry-type-page post-entry-154'><div class='entry-content-wrapper clearfix'>\n\n<style type=\"text\/css\" data-created_by=\"avia_inline_auto\" id=\"style-css-av-9au4q-c478eefdc851703af59aeeb24e0aa6b8\">\n.flex_column.av-9au4q-c478eefdc851703af59aeeb24e0aa6b8{\nborder-radius:0px 0px 0px 0px;\npadding:0px 0px 0px 0px;\n}\n<\/style>\n<div  id=\"about\"  class='flex_column av-9au4q-c478eefdc851703af59aeeb24e0aa6b8 av_one_full  avia-builder-el-1  avia-builder-el-no-sibling  first flex_column_div av-zero-column-padding'     ><section  id=\"about_text\"  class='av_textblock_section av-jgds8wgh-2f1fb797f9b6960fc3bd98c007cc1e65'   itemscope=\"itemscope\" itemtype=\"https:\/\/schema.org\/CreativeWork\" ><div class='avia_textblock'  itemprop=\"text\" ><p>Hallo, mein Name ist Justyna Turek.<\/p>\n<p>Posiadam wykszta\u0142cenie wy\u017csze w zakresie zarz\u0105dzania przedsi\u0119biorstwem, a w 2007 roku zosta\u0142am mianowana doradc\u0105 podatkowym. Pocz\u0105tkowo pracowa\u0142am jako asystentka audytora w PricewaterhouseCoopers, a nast\u0119pnie przez kilka lat jako ksi\u0119gowa grupy REWE. Od 2014 roku jestem niezale\u017cnym doradc\u0105 podatkowym z w\u0142asnym biurem w H\u00fcrth.<\/p>\n<p>Dzi\u0119ki pracy w bran\u017cy audytorskiej posiadam multidyscyplinarne zrozumienie zagadnie\u0144 podatkowych. Oferuj\u0119 moim klientom nie tylko optymaln\u0105 struktur\u0119 podatkow\u0105, ale r\u00f3wnie\u017c maksymaln\u0105 pewno\u015b\u0107 prawn\u0105.<\/p>\n<\/div><\/section><\/div>","protected":false},"excerpt":{"rendered":"","protected":false},"author":1,"featured_media":0,"parent":0,"menu_order":0,"comment_status":"open","ping_status":"open","template":"","meta":{"footnotes":""},"_links":{"self":[{"href":"https:\/\/podatki-koeln.de\/pl\/wp-json\/wp\/v2\/pages\/154"}],"collection":[{"href":"https:\/\/podatki-koeln.de\/pl\/wp-json\/wp\/v2\/pages"}],"about":[{"href":"https:\/\/podatki-koeln.de\/pl\/wp-json\/wp\/v2\/types\/page"}],"author":[{"embeddable":true,"href":"https:\/\/podatki-koeln.de\/pl\/wp-json\/wp\/v2\/users\/1"}],"replies":[{"embeddable":true,"href":"https:\/\/podatki-koeln.de\/pl\/wp-json\/wp\/v2\/comments?post=154"}],"version-history":[{"count":3,"href":"https:\/\/podatki-koeln.de\/pl\/wp-json\/wp\/v2\/pages\/154\/revisions"}],"predecessor-version":[{"id":1287,"href":"https:\/\/podatki-koeln.de\/pl\/wp-json\/wp\/v2\/pages\/154\/revisions\/1287"}],"wp:attachment":[{"href":"https:\/\/podatki-koeln.de\/pl\/wp-json\/wp\/v2\/media?parent=154"}],"curies":[{"name":"wp","href":"https:\/\/api.w.org\/{rel}","templated":true}]}}