{"id":872,"date":"2020-04-06T14:17:18","date_gmt":"2020-04-06T12:17:18","guid":{"rendered":"http:\/\/steuerberatung-jm.de\/?page_id=872"},"modified":"2022-01-25T20:11:17","modified_gmt":"2022-01-25T19:11:17","slug":"leistungen","status":"publish","type":"page","link":"https:\/\/podatki-koeln.de\/pl\/leistungen\/","title":{"rendered":"Serwisy"},"content":{"rendered":"<style type=\"text\/css\" data-created_by=\"avia_inline_auto\" id=\"style-css-av-kyrkt43n-a85b30e1500f99d2defcd672e1ed0bac\">\n.avia-section.av-kyrkt43n-a85b30e1500f99d2defcd672e1ed0bac{\nbackground-repeat:no-repeat;\nbackground-image:url(https:\/\/podatki-koeln.de\/wp-content\/uploads\/2022\/01\/laptop-hands.jpg);\nbackground-position:50% 50%;\nbackground-attachment:scroll;\nmargin-top:0px;\nmargin-bottom:0px;\n}\n.avia-section.av-kyrkt43n-a85b30e1500f99d2defcd672e1ed0bac .av-section-color-overlay{\nopacity:0.8;\nbackground-color:#ffffff;\n}\n<\/style>\n<div id='av_section_1'  class='avia-section av-kyrkt43n-a85b30e1500f99d2defcd672e1ed0bac main_color avia-section-no-padding avia-no-border-styling  avia-builder-el-0  avia-builder-el-no-sibling  avia-full-stretch avia-bg-style-scroll av-section-color-overlay-active av-minimum-height av-minimum-height-100 av-height-100  container_wrap fullsize'  data-section-bg-repeat='stretch' data-av_minimum_height_pc='100' data-av_min_height_opt='100'><div class=\"av-section-color-overlay-wrap\"><div class=\"av-section-color-overlay\"><\/div><div class='container av-section-cont-open' ><main  role=\"main\" itemprop=\"mainContentOfPage\"  class='template-page content  av-content-full alpha units'><div class='post-entry post-entry-type-page post-entry-872'><div class='entry-content-wrapper clearfix'>\n<section  class='av_textblock_section av-kyuhv4yg-f48620c9fbedbdbfd12a3dd52c2bb82a'   itemscope=\"itemscope\" itemtype=\"https:\/\/schema.org\/CreativeWork\" ><div class='avia_textblock'  itemprop=\"text\" ><h1>Serwisy<\/h1>\n<\/div><\/section>\n<div class='flex_column_table av-ergm8-b2d4cd3051489e8d64dc884e453fdbfb sc-av_one_half av-equal-height-column-flextable'>\n<style type=\"text\/css\" data-created_by=\"avia_inline_auto\" id=\"style-css-av-ergm8-b2d4cd3051489e8d64dc884e453fdbfb\">\n.flex_column.av-ergm8-b2d4cd3051489e8d64dc884e453fdbfb{\nborder-radius:0px 0px 0px 0px;\npadding:0px 0px 0px 0px;\n}\n<\/style>\n<div  class='flex_column av-ergm8-b2d4cd3051489e8d64dc884e453fdbfb av_one_half  avia-builder-el-2  el_after_av_textblock  el_before_av_one_half  first flex_column_table_cell av-equal-height-column av-align-top av-zero-column-padding  column-top-margin'     ><style type=\"text\/css\" data-created_by=\"avia_inline_auto\" id=\"style-css-av-ky1sef0l-aae4299e2158abc099696cfbea99b4a6\">\n#top .togglecontainer.av-ky1sef0l-aae4299e2158abc099696cfbea99b4a6 p.toggler.activeTitle{\ncolor:#ffffff;\nborder-color:#ffffff;\nbackground-color:#084a79;\n}\n<\/style>\n<div  class='togglecontainer av-ky1sef0l-aae4299e2158abc099696cfbea99b4a6 av-minimal-toggle  avia-builder-el-3  avia-builder-el-no-sibling  toggle_close_all hasCurrentStyle' >\n<section class='av_toggle_section av-5ay4o-000ac28d74a346938f99298967c567c2'  itemscope=\"itemscope\" itemtype=\"https:\/\/schema.org\/CreativeWork\" ><div role=\"tablist\" class=\"single_toggle\" data-tags=\"{Wszystko} \"  ><p data-fake-id='#toggle-id-1' class='toggler'  itemprop=\"headline\"  role='tab' tabindex='0' aria-controls='toggle-id-1'>Doradztwo podatkowe:<span class=\"toggle_icon\"><span class=\"vert_icon\"><\/span><span class=\"hor_icon\"><\/span><\/span><\/p><div id='toggle-id-1' class='toggle_wrap'  ><div class='toggle_content invers-color'  itemprop=\"text\" ><p>Oferujemy Pa\u0144stwu perspektywiczne i indywidualne doradztwo w celu zmniejszenia Pa\u0144stwa obci\u0105\u017ce\u0144 podatkowych i pomocy w zrozumieniu z\u0142o\u017conego niemieckiego systemu podatkowego.<\/p>\n<\/div><\/div><\/div><\/section>\n<section class='av_toggle_section av-1ah78o-9d6490515713377be32fc3e8500cfad6'  itemscope=\"itemscope\" itemtype=\"https:\/\/schema.org\/CreativeWork\" ><div role=\"tablist\" class=\"single_toggle\" data-tags=\"{Wszystko} \"  ><p data-fake-id='#toggle-id-2' class='toggler'  itemprop=\"headline\"  role='tab' tabindex='0' aria-controls='toggle-id-2'>Rachunkowo\u015b\u0107 finansowa:<span class=\"toggle_icon\"><span class=\"vert_icon\"><\/span><span class=\"hor_icon\"><\/span><\/span><\/p><div id='toggle-id-2' class='toggle_wrap'  ><div class='toggle_content invers-color'  itemprop=\"text\" ><p>Rachunkowo\u015b\u0107 finansowa dostarcza informacji na temat sytuacji ekonomicznej przedsi\u0119biorstwa i dlatego jest wiarygodnym instrumentem podejmowania decyzji biznesowych. Zadbaj o sw\u00f3j biznes, a my zadbamy o przejrzyste dane.<\/p>\n<\/div><\/div><\/div><\/section>\n<section class='av_toggle_section av-150yfc-eed1d0533be46b327c66d23bd1b1d7a3'  itemscope=\"itemscope\" itemtype=\"https:\/\/schema.org\/CreativeWork\" ><div role=\"tablist\" class=\"single_toggle\" data-tags=\"{Wszystko} \"  ><p data-fake-id='#toggle-id-3' class='toggler'  itemprop=\"headline\"  role='tab' tabindex='0' aria-controls='toggle-id-3'>Ksi\u0119gowanie p\u0142ac:<span class=\"toggle_icon\"><span class=\"vert_icon\"><\/span><span class=\"hor_icon\"><\/span><\/span><\/p><div id='toggle-id-3' class='toggle_wrap'  ><div class='toggle_content invers-color'  itemprop=\"text\" ><p>Dobrzy pracownicy odgrywaj\u0105 kluczow\u0105 rol\u0119 w sukcesie Twojej firmy. Jednak \u015bledzenie ci\u0105gle zmieniaj\u0105cych si\u0119 przepis\u00f3w wymaga du\u017co czasu i specjalistycznej wiedzy. Dlatego skorzystaj z naszej wiedzy eksperckiej przy rozliczaniu p\u0142ac.<\/p>\n<\/div><\/div><\/div><\/section>\n<section class='av_toggle_section av-wha1c-7aed82541669003477796850b5aad95b'  itemscope=\"itemscope\" itemtype=\"https:\/\/schema.org\/CreativeWork\" ><div role=\"tablist\" class=\"single_toggle\" data-tags=\"{Wszystko} \"  ><p data-fake-id='#toggle-id-4' class='toggler'  itemprop=\"headline\"  role='tab' tabindex='0' aria-controls='toggle-id-4'>Roczne sprawozdanie finansowe:<span class=\"toggle_icon\"><span class=\"vert_icon\"><\/span><span class=\"hor_icon\"><\/span><\/span><\/p><div id='toggle-id-4' class='toggle_wrap'  ><div class='toggle_content invers-color'  itemprop=\"text\" ><p>Roczne sprawozdanie finansowe stanowi przegl\u0105d sukcesu ekonomicznego przedsi\u0119biorstwa i jest wizyt\u00f3wk\u0105 firmy dla inwestor\u00f3w. Pomo\u017cemy Ci zaprezentowa\u0107 Twoj\u0105 firm\u0119 w idealny spos\u00f3b.<\/p>\n<\/div><\/div><\/div><\/section>\n<\/div><\/div><div class='av-flex-placeholder'><\/div>\n<style type=\"text\/css\" data-created_by=\"avia_inline_auto\" id=\"style-css-av-6m9u0-48e5891fadac95c2d0d424b1ad8836f7\">\n.flex_column.av-6m9u0-48e5891fadac95c2d0d424b1ad8836f7{\nborder-radius:0px 0px 0px 0px;\npadding:0px 0px 0px 0px;\n}\n<\/style>\n<div  class='flex_column av-6m9u0-48e5891fadac95c2d0d424b1ad8836f7 av_one_half  avia-builder-el-4  el_after_av_one_half  avia-builder-el-last  flex_column_table_cell av-equal-height-column av-align-top av-zero-column-padding  column-top-margin'     ><style type=\"text\/css\" data-created_by=\"avia_inline_auto\" id=\"style-css-av-ky1sef0l-aae4299e2158abc099696cfbea99b4a6\">\n#top .togglecontainer.av-ky1sef0l-aae4299e2158abc099696cfbea99b4a6 p.toggler.activeTitle{\ncolor:#ffffff;\nborder-color:#ffffff;\nbackground-color:#084a79;\n}\n<\/style>\n<div  class='togglecontainer av-ky1sef0l-aae4299e2158abc099696cfbea99b4a6 av-minimal-toggle  avia-builder-el-5  avia-builder-el-no-sibling  toggle_close_all hasCurrentStyle' >\n<section class='av_toggle_section av-pvd80-fa543fbfcc03fba0e68812e8c226d5c1'  itemscope=\"itemscope\" itemtype=\"https:\/\/schema.org\/CreativeWork\" ><div role=\"tablist\" class=\"single_toggle\" data-tags=\"{Wszystko} \"  ><p data-fake-id='#toggle-id-5' class='toggler'  itemprop=\"headline\"  role='tab' tabindex='0' aria-controls='toggle-id-5'>Zeznanie podatkowe:<span class=\"toggle_icon\"><span class=\"vert_icon\"><\/span><span class=\"hor_icon\"><\/span><\/span><\/p><div id='toggle-id-5' class='toggle_wrap'  ><div class='toggle_content invers-color'  itemprop=\"text\" ><p>Przygotowujemy rozliczenia podatkowe dla firm i os\u00f3b prywatnych oraz doradzamy w zakresie mo\u017cliwych struktur podatkowych. Dzi\u0119ki naszej profesjonalnej pomocy nie oddajesz pa\u0144stwu \u017cadnych pieni\u0119dzy i przestrzegasz wszystkich obowi\u0105zuj\u0105cych przepis\u00f3w.<\/p>\n<\/div><\/div><\/div><\/section>\n<section class='av_toggle_section av-knl6w-2c616ad81cef44b3884035668b4d884d'  itemscope=\"itemscope\" itemtype=\"https:\/\/schema.org\/CreativeWork\" ><div role=\"tablist\" class=\"single_toggle\" data-tags=\"{Wszystko} \"  ><p data-fake-id='#toggle-id-6' class='toggler'  itemprop=\"headline\"  role='tab' tabindex='0' aria-controls='toggle-id-6'>Doradztwo w zakresie zarz\u0105dzania przedsi\u0119biorstwem:<span class=\"toggle_icon\"><span class=\"vert_icon\"><\/span><span class=\"hor_icon\"><\/span><\/span><\/p><div id='toggle-id-6' class='toggle_wrap'  ><div class='toggle_content invers-color'  itemprop=\"text\" ><p>Analizujemy liczby i dane z Pa\u0144stwa ksi\u0119gowo\u015bci finansowej i p\u0142acowej oraz identyfikujemy mo\u017cliwo\u015bci optymalizacji biznesu. Na podstawie tych wynik\u00f3w doradzamy Pa\u0144stwu w zakresie d\u0142ugoterminowego planowania dzia\u0142alno\u015bci przedsi\u0119biorstwa.<\/p>\n<\/div><\/div><\/div><\/section>\n<section class='av_toggle_section av-f9q0w-70d5fcabbbeec5a982a02c28a76e8e61'  itemscope=\"itemscope\" itemtype=\"https:\/\/schema.org\/CreativeWork\" ><div role=\"tablist\" class=\"single_toggle\" data-tags=\"{Wszystko} \"  ><p data-fake-id='#toggle-id-7' class='toggler'  itemprop=\"headline\"  role='tab' tabindex='0' aria-controls='toggle-id-7'>Ochrona prawna:<span class=\"toggle_icon\"><span class=\"vert_icon\"><\/span><span class=\"hor_icon\"><\/span><\/span><\/p><div id='toggle-id-7' class='toggle_wrap'  ><div class='toggle_content invers-color'  itemprop=\"text\" ><p>Nasz system podatkowy jest skomplikowany i co najmniej 20 procent wszystkich ocen podatkowych jest nieprawid\u0142owych. Dlatego te\u017c sprawdzamy Twoje rozliczenie i w razie potrzeby reprezentujemy Ci\u0119 przed urz\u0119dem skarbowym lub s\u0105dem skarbowym.<\/p>\n<\/div><\/div><\/div><\/section>\n<section class='av_toggle_section av-1229s-1ab2912efab171ffffffd1a9a69a63f1'  itemscope=\"itemscope\" itemtype=\"https:\/\/schema.org\/CreativeWork\" ><div role=\"tablist\" class=\"single_toggle\" data-tags=\"{Wszystko} \"  ><p data-fake-id='#toggle-id-8' class='toggler'  itemprop=\"headline\"  role='tab' tabindex='0' aria-controls='toggle-id-8'>Mi\u0119dzynarodowe doradztwo podatkowe:<span class=\"toggle_icon\"><span class=\"vert_icon\"><\/span><span class=\"hor_icon\"><\/span><\/span><\/p><div id='toggle-id-8' class='toggle_wrap'  ><div class='toggle_content invers-color'  itemprop=\"text\" ><p>Niemieckie prawo podatkowe jest ju\u017c skomplikowane. Ale na arenie mi\u0119dzynarodowej sprawa jest jeszcze bardziej skomplikowana. Oddaj mi\u0119dzynarodowe sprawy podatkowe w nasze r\u0119ce.<\/p>\n<\/div><\/div><\/div><\/section>\n<\/div><\/div><\/div><!--close column table wrapper. Autoclose: 1 -->","protected":false},"excerpt":{"rendered":"","protected":false},"author":1,"featured_media":0,"parent":0,"menu_order":0,"comment_status":"closed","ping_status":"closed","template":"","meta":{"footnotes":""},"_links":{"self":[{"href":"https:\/\/podatki-koeln.de\/pl\/wp-json\/wp\/v2\/pages\/872"}],"collection":[{"href":"https:\/\/podatki-koeln.de\/pl\/wp-json\/wp\/v2\/pages"}],"about":[{"href":"https:\/\/podatki-koeln.de\/pl\/wp-json\/wp\/v2\/types\/page"}],"author":[{"embeddable":true,"href":"https:\/\/podatki-koeln.de\/pl\/wp-json\/wp\/v2\/users\/1"}],"replies":[{"embeddable":true,"href":"https:\/\/podatki-koeln.de\/pl\/wp-json\/wp\/v2\/comments?post=872"}],"version-history":[{"count":1,"href":"https:\/\/podatki-koeln.de\/pl\/wp-json\/wp\/v2\/pages\/872\/revisions"}],"predecessor-version":[{"id":1244,"href":"https:\/\/podatki-koeln.de\/pl\/wp-json\/wp\/v2\/pages\/872\/revisions\/1244"}],"wp:attachment":[{"href":"https:\/\/podatki-koeln.de\/pl\/wp-json\/wp\/v2\/media?parent=872"}],"curies":[{"name":"wp","href":"https:\/\/api.w.org\/{rel}","templated":true}]}}